{"id":183,"date":"2026-04-08T13:46:56","date_gmt":"2026-04-08T11:46:56","guid":{"rendered":"https:\/\/seagreen-sandpiper-896874.hostingersite.com\/?page_id=183"},"modified":"2026-04-11T17:20:32","modified_gmt":"2026-04-11T15:20:32","slug":"contact","status":"publish","type":"page","link":"https:\/\/artcam-studio.fr\/index.php\/contact\/","title":{"rendered":"Contact"},"content":{"rendered":"\t\t<div data-elementor-type=\"wp-page\" data-elementor-id=\"183\" class=\"elementor elementor-183\">\n\t\t\t\t<div class=\"elementor-element elementor-element-aa49c8b e-flex e-con-boxed e-con e-parent\" data-id=\"aa49c8b\" data-element_type=\"container\" data-e-type=\"container\" data-settings=\"{&quot;background_background&quot;:&quot;classic&quot;,&quot;shape_divider_bottom&quot;:&quot;tilt&quot;}\">\n\t\t\t\t\t<div class=\"e-con-inner\">\n\t\t\t\t<div class=\"elementor-shape elementor-shape-bottom\" aria-hidden=\"true\" data-negative=\"false\">\n\t\t\t<svg xmlns=\"http:\/\/www.w3.org\/2000\/svg\" viewBox=\"0 0 1000 100\" preserveAspectRatio=\"none\">\n\t<path class=\"elementor-shape-fill\" d=\"M0,6V0h1000v100L0,6z\"\/>\n<\/svg>\t\t<\/div>\n\t\t\t\t\t<\/div>\n\t\t\t\t<\/div>\n\t\t<div class=\"elementor-element elementor-element-8527fc9 e-flex e-con-boxed e-con e-parent\" data-id=\"8527fc9\" data-element_type=\"container\" data-e-type=\"container\" data-settings=\"{&quot;background_background&quot;:&quot;classic&quot;}\">\n\t\t\t\t\t<div class=\"e-con-inner\">\n\t\t\t\t\t\t\t<h2 \n\t\tdata-interaction-id=\"aa63fb5\" \n\t\tclass=\"e-aa63fb5-86abf15 e-heading-base\" \n\t\t \n\t\t\n\t>\n\t\n\t\t\tContactez-moi !\n\t\t<\/h2>\n\t\t\t\t\t<\/div>\n\t\t\t\t<\/div>\n\t\t<div class=\"elementor-element elementor-element-0384830 e-flex e-con-boxed e-con e-parent\" data-id=\"0384830\" data-element_type=\"container\" data-e-type=\"container\" data-settings=\"{&quot;background_background&quot;:&quot;classic&quot;}\">\n\t\t\t\t\t<div class=\"e-con-inner\">\n\t\t\t\t<div class=\"elementor-element elementor-element-d9e5f11 e-con e-atomic-element e-flexbox-base e-d9e5f11-b741048\" data-id=\"d9e5f11\" data-element_type=\"e-flexbox\" data-e-type=\"e-flexbox\" data-interaction-id=\"d9e5f11\">\n\t\t\t\t<div class=\"elementor-element elementor-element-7cb7dd9 e-con e-atomic-element e-flexbox-base e-7cb7dd9-52f78b2\" data-id=\"7cb7dd9\" data-element_type=\"e-flexbox\" data-e-type=\"e-flexbox\" data-interaction-id=\"7cb7dd9\">\n\t\t\t\t\t\t\t<h2 \n\t\tdata-interaction-id=\"614f077\" \n\t\tclass=\"e-614f077-ec77b6a e-heading-base\" \n\t\t \n\t\t\n\t>\n\t\n\t\t\tUne question ?\n\t\t<\/h2>\n\t\t\t\t\t\t\t<h2 \n\t\tdata-interaction-id=\"a0aad2b\" \n\t\tclass=\"e-a0aad2b-eead68f e-heading-base\" \n\t\t \n\t\t\n\t>\n\t\n\t\t\tUn projet ?\n\t\t<\/h2>\n\t\t\t\t\t\t\t\t<p class=\"e-bb34a22-124f800 e-paragraph-base\" data-interaction-id=\"bb34a22\"  >\n\t\t\t\t\t\t\t\t<strong>Contactez-moi pour toute question ou demande de devis concernant votre projet.<\/strong>\n\t\t\t\t\t<\/p>\n\t\t\t\t\t\n<hr class=\"e-2085900-66fc85d e-divider-base\" data-interaction-id=\"2085900\"   \/>\n\t\t\t\t\t\t\t\t<p class=\"e-d852b06-514bc68 e-paragraph-base\" data-interaction-id=\"d852b06\"  >\n\t\t\t\t\t\t\t\t<strong>Vous pouvez \u00e9galement me contacter directement par e-mail  :<\/strong>\n\t\t\t\t\t<\/p>\n\t\t\t\t\t\t\t\t<p class=\"e-8fcf207-472e9ac e-paragraph-base\" data-interaction-id=\"8fcf207\"  >\n\t\t\t\t\t\t\t\tcontact@artcamstudio.fr\n\t\t\t\t\t<\/p>\n\t\t\t\t\t\n<hr class=\"e-1dc9bba-a46167a e-divider-base\" data-interaction-id=\"1dc9bba\"   \/>\n\t\t\t\t\t\t\t\t<p class=\"e-e3bee66-b2dbfb9 e-paragraph-base\" data-interaction-id=\"e3bee66\"  >\n\t\t\t\t\t\t\t\t<strong>Suivez moi sur les r\u00e9seaux :<\/strong>\n\t\t\t\t\t<\/p>\n\t\t\t\t<div class=\"elementor-element elementor-element-2bde2cb elementor-widget elementor-widget-html\" data-id=\"2bde2cb\" data-element_type=\"widget\" data-e-type=\"widget\" data-widget_type=\"html.default\">\n\t\t\t\t\t<div class=\"socials\">\n<a href=\"https:\/\/www.facebook.com\/people\/ArtCam-Studio\/61559984424823\/#\" target=\"_blank\" rel=\"noopener\"><i class=\"fa-brands fa-facebook\"><\/i><\/a><a href=\"https:\/\/www.instagram.com\/artcam_studio.nz\/\" target=\"_blank\" rel=\"noopener\"><i class=\"fa-brands fa-instagram\"><\/i><\/a><a href=\"https:\/\/fr.linkedin.com\/in\/nicolas-ziska-3b85b61ab\" target=\"_blank\" rel=\"noopener\"><i class=\"fa-brands fa-linkedin\"><\/i><\/a><a href=\"https:\/\/www.youtube.com\/@NickoFindNGeek\" target=\"_blank\" rel=\"noopener\"><i class=\"fa-brands fa-youtube\"><\/i><\/a><a href=\"https:\/\/www.tiktok.com\/@nickofng\" target=\"_blank\" rel=\"noopener\"><i class=\"fa-brands fa-tiktok\"><\/i><\/a><\/div>\t\t\t\t<\/div>\n\t\t\t\t<\/div>\n\t\t\t\t<div class=\"elementor-element elementor-element-d52696b elementor-widget__width-initial elementor-widget elementor-widget-shortcode\" data-id=\"d52696b\" data-element_type=\"widget\" data-e-type=\"widget\" data-widget_type=\"shortcode.default\">\n\t\t\t\t\t\t\t<div class=\"elementor-shortcode\"><div class=\"forminator-ui forminator-custom-form forminator-custom-form-185 forminator-design--default  forminator_ajax\" data-forminator-render=\"0\" data-form=\"forminator-module-185\" data-uid=\"69fe04b312b16\"><br\/><\/div><form\n\t\t\t\tid=\"forminator-module-185\"\n\t\t\t\tclass=\"forminator-ui forminator-custom-form forminator-custom-form-185 forminator-design--default  forminator_ajax\"\n\t\t\t\tmethod=\"post\"\n\t\t\t\tdata-forminator-render=\"0\"\n\t\t\t\tdata-form-id=\"185\"\n\t\t\t\t data-color-option=\"theme\" data-design=\"default\" data-grid=\"open\" style=\"display: none;\"\n\t\t\t\tdata-uid=\"69fe04b312b16\"\n\t\t\t><div role=\"alert\" aria-live=\"polite\" class=\"forminator-response-message forminator-error\" aria-hidden=\"true\"><\/div><div class=\"forminator-row\"><div id=\"name-1\" class=\"forminator-field-name forminator-col forminator-col-12 \"><div class=\"forminator-field\"><label for=\"forminator-field-name-1_69fe04b312b16\" id=\"forminator-field-name-1_69fe04b312b16-label\" class=\"forminator-label\">Nom complet <span class=\"forminator-required\">*<\/span><\/label><input type=\"text\" name=\"name-1\" value=\"\" placeholder=\"\" id=\"forminator-field-name-1_69fe04b312b16\" class=\"forminator-input forminator-name--field\" aria-required=\"true\" autocomplete=\"name\" \/><\/div><\/div><\/div><div class=\"forminator-row\"><div id=\"text-1\" class=\"forminator-field-text forminator-col forminator-col-12 \"><div class=\"forminator-field\"><label for=\"forminator-field-text-1_69fe04b312b16\" id=\"forminator-field-text-1_69fe04b312b16-label\" class=\"forminator-label\">Soci\u00e9t\u00e9<\/label><input type=\"text\" name=\"text-1\" value=\"\" placeholder=\"\" id=\"forminator-field-text-1_69fe04b312b16\" class=\"forminator-input forminator-name--field\" data-required=\"\" \/><\/div><\/div><\/div><div class=\"forminator-row\"><div id=\"email-1\" class=\"forminator-field-email forminator-col forminator-col-12 \"><div class=\"forminator-field\"><label for=\"forminator-field-email-1_69fe04b312b16\" id=\"forminator-field-email-1_69fe04b312b16-label\" class=\"forminator-label\">Adresse de messagerie <span class=\"forminator-required\">*<\/span><\/label><input type=\"email\" name=\"email-1\" value=\"\" placeholder=\"\" id=\"forminator-field-email-1_69fe04b312b16\" class=\"forminator-input forminator-email--field\" data-required=\"true\" aria-required=\"true\" autocomplete=\"email\" \/><\/div><\/div><\/div><div class=\"forminator-row\"><div id=\"phone-1\" class=\"forminator-field-phone forminator-col forminator-col-12 \"><div class=\"forminator-field\"><label for=\"forminator-field-phone-1_69fe04b312b16\" id=\"forminator-field-phone-1_69fe04b312b16-label\" class=\"forminator-label\">Num\u00e9ro de t\u00e9l\u00e9phone <span class=\"forminator-required\">*<\/span><\/label><input type=\"text\" name=\"phone-1\" value=\"\" placeholder=\"\" id=\"forminator-field-phone-1_69fe04b312b16\" class=\"forminator-input forminator-field--phone\" data-required=\"1\" aria-required=\"true\" autocomplete=\"off\" data-validation=\"1\" \/><\/div><\/div><\/div><div class=\"forminator-row\"><div id=\"text-2\" class=\"forminator-field-text forminator-col forminator-col-12 \"><div class=\"forminator-field\"><label for=\"forminator-field-text-2_69fe04b312b16\" id=\"forminator-field-text-2_69fe04b312b16-label\" class=\"forminator-label\">Objet <span class=\"forminator-required\">*<\/span><\/label><input type=\"text\" name=\"text-2\" value=\"\" placeholder=\"\" id=\"forminator-field-text-2_69fe04b312b16\" class=\"forminator-input forminator-name--field\" data-required=\"1\" \/><\/div><\/div><\/div><div class=\"forminator-row\"><div id=\"textarea-1\" class=\"forminator-field-textarea forminator-col forminator-col-12 \"><div class=\"forminator-field\"><label for=\"forminator-field-textarea-1_69fe04b312b16\" id=\"forminator-field-textarea-1_69fe04b312b16-label\" class=\"forminator-label\">Message <span class=\"forminator-required\">*<\/span><\/label><textarea name=\"textarea-1\" placeholder=\"\" id=\"forminator-field-textarea-1_69fe04b312b16\" class=\"forminator-textarea\" rows=\"6\" style=\"--forminator-textarea-min-height:140px;\" ><\/textarea><\/div><\/div><\/div><input type=\"hidden\" name=\"referer_url\" value=\"\" \/><div class=\"forminator-row forminator-row-last\"><div class=\"forminator-col\"><div class=\"forminator-field\"><button class=\"forminator-button forminator-button-submit\">Demander un devis<\/button><\/div><\/div><\/div><input type=\"hidden\" id=\"forminator_nonce\" name=\"forminator_nonce\" value=\"734767ca63\" \/><input type=\"hidden\" name=\"_wp_http_referer\" value=\"\/index.php\/wp-json\/wp\/v2\/pages\/183\" \/><input type=\"hidden\" name=\"form_id\" value=\"185\"><input type=\"hidden\" name=\"page_id\" value=\"183\"><input type=\"hidden\" name=\"form_type\" value=\"default\"><input type=\"hidden\" name=\"current_url\" value=\"https:\/\/artcam-studio.fr\/index.php\/contact\/\"><input type=\"hidden\" name=\"render_id\" value=\"0\"><input type=\"hidden\" name=\"action\" value=\"forminator_submit_form_custom-forms\"><\/form><\/div>\n\t\t\t\t\t\t<\/div>\n\t\t\t\t<\/div>\n\t\t\t\t\t<\/div>\n\t\t\t\t<\/div>\n\t\t\t\t<\/div>\n\t\t","protected":false},"excerpt":{"rendered":"<p>Contactez-moi ! Une question ? Un projet ? Contactez-moi pour toute question ou demande de devis concernant votre projet. Vous pouvez \u00e9galement me contacter directement par e-mail : contact@artcamstudio.fr Suivez moi sur les r\u00e9seaux :<\/p>\n","protected":false},"author":1,"featured_media":0,"parent":0,"menu_order":0,"comment_status":"closed","ping_status":"closed","template":"","meta":{"footnotes":""},"class_list":["post-183","page","type-page","status-publish","hentry"],"_links":{"self":[{"href":"https:\/\/artcam-studio.fr\/index.php\/wp-json\/wp\/v2\/pages\/183","targetHints":{"allow":["GET"]}}],"collection":[{"href":"https:\/\/artcam-studio.fr\/index.php\/wp-json\/wp\/v2\/pages"}],"about":[{"href":"https:\/\/artcam-studio.fr\/index.php\/wp-json\/wp\/v2\/types\/page"}],"author":[{"embeddable":true,"href":"https:\/\/artcam-studio.fr\/index.php\/wp-json\/wp\/v2\/users\/1"}],"replies":[{"embeddable":true,"href":"https:\/\/artcam-studio.fr\/index.php\/wp-json\/wp\/v2\/comments?post=183"}],"version-history":[{"count":46,"href":"https:\/\/artcam-studio.fr\/index.php\/wp-json\/wp\/v2\/pages\/183\/revisions"}],"predecessor-version":[{"id":303,"href":"https:\/\/artcam-studio.fr\/index.php\/wp-json\/wp\/v2\/pages\/183\/revisions\/303"}],"wp:attachment":[{"href":"https:\/\/artcam-studio.fr\/index.php\/wp-json\/wp\/v2\/media?parent=183"}],"curies":[{"name":"wp","href":"https:\/\/api.w.org\/{rel}","templated":true}]}}