{"id":14,"date":"2026-04-07T08:54:06","date_gmt":"2026-04-07T06:54:06","guid":{"rendered":"https:\/\/seagreen-sandpiper-896874.hostingersite.com\/?page_id=14"},"modified":"2026-04-11T17:15:52","modified_gmt":"2026-04-11T15:15:52","slug":"accueil","status":"publish","type":"page","link":"https:\/\/artcam-studio.fr\/","title":{"rendered":"Accueil"},"content":{"rendered":"\t\t<div data-elementor-type=\"wp-post\" data-elementor-id=\"14\" class=\"elementor elementor-14\">\n\t\t\t\t<div class=\"elementor-element elementor-element-750b5d0 e-flex e-con-boxed e-con e-parent\" data-id=\"750b5d0\" data-element_type=\"container\" data-e-type=\"container\">\n\t\t\t\t\t<div class=\"e-con-inner\">\n\t\t\t\t<div class=\"elementor-element elementor-element-c0822ce e-con e-atomic-element e-flexbox-base e-c0822ce-130bbe3\" data-id=\"c0822ce\" data-element_type=\"e-flexbox\" data-e-type=\"e-flexbox\" data-interaction-id=\"c0822ce\">\n\t\t\t\t\t\t\t<h1 \n\t\tdata-interaction-id=\"6ed8725\" \n\t\tclass=\"e-6ed8725-71e914e e-heading-base\" \n\t\t \n\t\t\n\t>\n\t\n\t\t\tArtcam Studio\n\t\t<\/h1>\n\t\t\t\t\t\t\t<h2 \n\t\tdata-interaction-id=\"3daf71c\" \n\t\tclass=\"e-3daf71c-0146ac6 e-heading-base\" \n\t\t \n\t\t\n\t>\n\t\n\t\t\tVid\u00e9aste en ile de France\n\t\t<\/h2>\n\t\t\t\t\t\t\t\t<p class=\"e-6abe54b-c5ab71d e-paragraph-base\" data-interaction-id=\"6abe54b\"  >\n\t\t\t\t\t\t\t\tVid\u00e9aste freelance, j\u2019accompagne professionnels et particuliers dans la cr\u00e9ation de contenus vid\u00e9o soign\u00e9s et impactants : films d\u2019entreprise, interviews, \u00e9v\u00e9nements et formats d\u00e9di\u00e9s aux r\u00e9seaux sociaux.\n\t\t\t\t\t<\/p>\n\t\t\t\t\t    \t            <button class=\"e-146eb29-46bcb3f e-button-base\" data-interaction-id=\"146eb29\"  >\n            Demander un devis\n        <\/button>\n    \t\t\t\t<\/div>\n\t\t\t\t\t<\/div>\n\t\t\t\t<\/div>\n\t\t<div class=\"elementor-element elementor-element-9d50736 e-flex e-con-boxed e-con e-parent\" data-id=\"9d50736\" data-element_type=\"container\" data-e-type=\"container\" data-settings=\"{&quot;background_background&quot;:&quot;classic&quot;,&quot;shape_divider_bottom&quot;:&quot;opacity-tilt&quot;}\">\n\t\t\t\t\t<div class=\"e-con-inner\">\n\t\t\t\t<div class=\"elementor-shape elementor-shape-bottom\" aria-hidden=\"true\" data-negative=\"false\">\n\t\t\t<svg xmlns=\"http:\/\/www.w3.org\/2000\/svg\" viewBox=\"0 0 2600 131.1\" preserveAspectRatio=\"none\">\n\t<path class=\"elementor-shape-fill\" d=\"M0 0L2600 0 2600 69.1 0 0z\"\/>\n\t<path class=\"elementor-shape-fill\" style=\"opacity:0.5\" d=\"M0 0L2600 0 2600 69.1 0 69.1z\"\/>\n\t<path class=\"elementor-shape-fill\" style=\"opacity:0.25\" d=\"M2600 0L0 0 0 130.1 2600 69.1z\"\/>\n<\/svg>\t\t<\/div>\n\t\t\t\t<div class=\"elementor-element elementor-element-f33a62e e-con e-atomic-element e-flexbox-base e-f33a62e-27b1517\" data-id=\"f33a62e\" data-element_type=\"e-flexbox\" data-e-type=\"e-flexbox\" data-interaction-id=\"f33a62e\">\n\t\t\t\t\t\t\t<h2 \n\t\tdata-interaction-id=\"2f139c9\" \n\t\tclass=\"e-2f139c9-2986c9b e-heading-base\" \n\t\t \n\t\t\n\t>\n\t\n\t\t\tVid\u00e9aste freelance \u00e0 Paris\n\t\t<\/h2>\n\t\t\t\t\t\t\t\t<p class=\"e-62953e6-1812622 e-paragraph-base\" data-interaction-id=\"62953e6\"  >\n\t\t\t\t\t\t\t\tVous \u00eates \u00e0 la recherche d\u2019un vid\u00e9aste en \u00cele-de-France, d\u2019un r\u00e9alisateur capable de donner vie \u00e0 vos projets avec exigence et cr\u00e9ativit\u00e9 ?<br> Que ce soit pour capturer un \u00e9v\u00e9nement important ou pour concevoir un contenu vid\u00e9o sur mesure, je vous accompagne \u00e0 chaque \u00e9tape.\n\t\t\t\t\t<\/p>\n\t\t\t\t\t\t\t\t\t<div data-id=\"0bbc009\" data-interaction-id=\"0bbc009\" data-e-type=\"e-youtube\"  class=\"e-0bbc009-6422515 e-youtube-base\"  data-settings=\"&#x7B;&quot;source&quot;&#x3A;&quot;https&#x3A;&#x5C;&#x2F;&#x5C;&#x2F;www.youtube.com&#x5C;&#x2F;watch&#x3F;v&#x3D;zwubdaj-bMc&quot;,&quot;autoplay&quot;&#x3A;true,&quot;mute&quot;&#x3A;true,&quot;controls&quot;&#x3A;true,&quot;cc_load_policy&quot;&#x3A;false,&quot;loop&quot;&#x3A;false,&quot;rel&quot;&#x3A;false,&quot;start&quot;&#x3A;null,&quot;end&quot;&#x3A;null,&quot;privacy&quot;&#x3A;false,&quot;lazyload&quot;&#x3A;false&#x7D;\"><\/div>\n\t\t\t\t\t    \t            <button class=\"e-ee8b3ec-27ac061 e-button-base\" data-interaction-id=\"ee8b3ec\"  >\n            Mon portfolio\n        <\/button>\n    \t\t\t\t<\/div>\n\t\t\t\t\t<\/div>\n\t\t\t\t<\/div>\n\t\t<div class=\"elementor-element elementor-element-2827351 e-flex e-con-boxed e-con e-parent\" data-id=\"2827351\" data-element_type=\"container\" data-e-type=\"container\" data-settings=\"{&quot;background_background&quot;:&quot;classic&quot;,&quot;shape_divider_bottom&quot;:&quot;mountains&quot;}\">\n\t\t\t\t\t<div class=\"e-con-inner\">\n\t\t\t\t<div class=\"elementor-shape elementor-shape-bottom\" aria-hidden=\"true\" data-negative=\"false\">\n\t\t\t<svg xmlns=\"http:\/\/www.w3.org\/2000\/svg\" viewBox=\"0 0 1000 100\" preserveAspectRatio=\"none\">\n\t<path class=\"elementor-shape-fill\" opacity=\"0.33\" d=\"M473,67.3c-203.9,88.3-263.1-34-320.3,0C66,119.1,0,59.7,0,59.7V0h1000v59.7 c0,0-62.1,26.1-94.9,29.3c-32.8,3.3-62.8-12.3-75.8-22.1C806,49.6,745.3,8.7,694.9,4.7S492.4,59,473,67.3z\"\/>\n\t<path class=\"elementor-shape-fill\" opacity=\"0.66\" d=\"M734,67.3c-45.5,0-77.2-23.2-129.1-39.1c-28.6-8.7-150.3-10.1-254,39.1 s-91.7-34.4-149.2,0C115.7,118.3,0,39.8,0,39.8V0h1000v36.5c0,0-28.2-18.5-92.1-18.5C810.2,18.1,775.7,67.3,734,67.3z\"\/>\n\t<path class=\"elementor-shape-fill\" d=\"M766.1,28.9c-200-57.5-266,65.5-395.1,19.5C242,1.8,242,5.4,184.8,20.6C128,35.8,132.3,44.9,89.9,52.5C28.6,63.7,0,0,0,0 h1000c0,0-9.9,40.9-83.6,48.1S829.6,47,766.1,28.9z\"\/>\n<\/svg>\t\t<\/div>\n\t\t\t\t<div class=\"elementor-element elementor-element-d4d614c e-con e-atomic-element e-flexbox-base e-d4d614c-1658d4c\" data-id=\"d4d614c\" data-element_type=\"e-flexbox\" data-e-type=\"e-flexbox\" data-interaction-id=\"d4d614c\">\n\t\t\t\t\t\t\t<h2 \n\t\tdata-interaction-id=\"ef98fef\" \n\t\tclass=\"e-ef98fef-77ef481 e-heading-base\" \n\t\t \n\t\t\n\t>\n\t\n\t\t\tMes prestations\n\t\t<\/h2>\n\t\t\t\t\t\t\t\t<p class=\"e-baa4568-e61ad46 e-paragraph-base\" data-interaction-id=\"baa4568\"  >\n\t\t\t\t\t\t\t\tFort de mon exp\u00e9rience en production vid\u00e9o, j\u2019interviens dans de nombreux domaines : corporate, \u00e9v\u00e9nementiel, artisanat, tourisme, contenus pour les r\u00e9seaux sociaux,.\n\t\t\t\t\t<\/p>\n\t\t\t\t\t\t\t\t<p class=\"e-c81a446-c0c9cb3 e-paragraph-base\" data-interaction-id=\"c81a446\"  >\n\t\t\t\t\t\t\t\tEn tant que r\u00e9alisateur et monteur, je vous accompagne \u00e0 chaque \u00e9tape de votre projet, de la r\u00e9flexion initiale \u00e0 la diffusion, en passant par le tournage et le montage.\n\t\t\t\t\t<\/p>\n\t\t<div class=\"elementor-element elementor-element-35bb5c0 e-grid e-con-boxed e-con e-parent\" data-id=\"35bb5c0\" data-element_type=\"container\" data-e-type=\"container\">\n\t\t\t\t\t<div class=\"e-con-inner\">\n\t\t\t\t<div class=\"elementor-element elementor-element-d71fb9b e-con e-atomic-element e-flexbox-base e-d71fb9b-a9d3669\" data-id=\"d71fb9b\" data-element_type=\"e-flexbox\" data-e-type=\"e-flexbox\" data-interaction-id=\"d71fb9b\">\n\t\t\t\t\t\t\t\n\t\t\t<img class=\"e-image-base e-1e799e7-55fbf35\" \n\t\t\t\t\tdata-interaction-id=\"1e799e7\" \n\t\t \n\t\t \n\t\t\t\t\t\t\t\t\tid=\"99\"\n\t\t\t\t\t\t\t\t\t\t\t\tsrc=\"https:\/\/artcam-studio.fr\/wp-content\/uploads\/2026\/04\/pexels-hassan-yahia-3582980-5362681.jpg\"\n\t\t\t\t\t\t\t\t\t\t\t\twidth=\"2539\"\n\t\t\t\t\t\t\t\t\t\t\t\theight=\"1690\"\n\t\t\t\t\t\t\t\t\t\t\t\tsrcset=\"https:\/\/artcam-studio.fr\/wp-content\/uploads\/2026\/04\/pexels-hassan-yahia-3582980-5362681.jpg 2539w, https:\/\/artcam-studio.fr\/wp-content\/uploads\/2026\/04\/pexels-hassan-yahia-3582980-5362681-300x200.jpg 300w, https:\/\/artcam-studio.fr\/wp-content\/uploads\/2026\/04\/pexels-hassan-yahia-3582980-5362681-1024x682.jpg 1024w, https:\/\/artcam-studio.fr\/wp-content\/uploads\/2026\/04\/pexels-hassan-yahia-3582980-5362681-768x511.jpg 768w, https:\/\/artcam-studio.fr\/wp-content\/uploads\/2026\/04\/pexels-hassan-yahia-3582980-5362681-1536x1022.jpg 1536w, https:\/\/artcam-studio.fr\/wp-content\/uploads\/2026\/04\/pexels-hassan-yahia-3582980-5362681-2048x1363.jpg 2048w\"\n\t\t\t\t\t\t\t\t\t\t\t\talt=\"\"\n\t\t\t\t\t\t\/>\n\t\t\t\t\t\t\t\t\t<p class=\"e-cfae89b-56b9122 e-paragraph-base\" data-interaction-id=\"cfae89b\"  >\n\t\t\t\t\t\t\t\tJe r\u00e9alise des vid\u00e9os corporate qui valorisent votre image et votre savoir-faire.\n\t\t\t\t\t<\/p>\n\t\t\t\t<\/div>\n\t\t\t\t<div class=\"elementor-element elementor-element-b35f361 e-con e-atomic-element e-flexbox-base e-b35f361-c09ad30\" data-id=\"b35f361\" data-element_type=\"e-flexbox\" data-e-type=\"e-flexbox\" data-interaction-id=\"b35f361\">\n\t\t\t\t\t\t\t\n\t\t\t<img class=\"e-image-base e-e7e3ac9-584c38a\" \n\t\t\t\t\tdata-interaction-id=\"e7e3ac9\" \n\t\t \n\t\t \n\t\t\t\t\t\t\t\t\tid=\"86\"\n\t\t\t\t\t\t\t\t\t\t\t\tsrc=\"https:\/\/artcam-studio.fr\/wp-content\/uploads\/2026\/04\/pexels-marvellous-adu-2148798496-36856348-scaled.jpg\"\n\t\t\t\t\t\t\t\t\t\t\t\twidth=\"2560\"\n\t\t\t\t\t\t\t\t\t\t\t\theight=\"1707\"\n\t\t\t\t\t\t\t\t\t\t\t\tsrcset=\"https:\/\/artcam-studio.fr\/wp-content\/uploads\/2026\/04\/pexels-marvellous-adu-2148798496-36856348-scaled.jpg 2560w, https:\/\/artcam-studio.fr\/wp-content\/uploads\/2026\/04\/pexels-marvellous-adu-2148798496-36856348-300x200.jpg 300w, https:\/\/artcam-studio.fr\/wp-content\/uploads\/2026\/04\/pexels-marvellous-adu-2148798496-36856348-1024x683.jpg 1024w, https:\/\/artcam-studio.fr\/wp-content\/uploads\/2026\/04\/pexels-marvellous-adu-2148798496-36856348-768x512.jpg 768w, https:\/\/artcam-studio.fr\/wp-content\/uploads\/2026\/04\/pexels-marvellous-adu-2148798496-36856348-1536x1024.jpg 1536w, https:\/\/artcam-studio.fr\/wp-content\/uploads\/2026\/04\/pexels-marvellous-adu-2148798496-36856348-2048x1365.jpg 2048w\"\n\t\t\t\t\t\t\t\t\t\t\t\talt=\"\"\n\t\t\t\t\t\t\/>\n\t\t\t\t\t\t\t\t\t<p class=\"e-e22b62a-1ac1514 e-paragraph-base\" data-interaction-id=\"e22b62a\"  >\n\t\t\t\t\t\t\t\tJe capture vos moments cl\u00e9s avec discr\u00e9tion et efficacit\u00e9 pour en restituer toute l\u2019intensit\u00e9.\n\t\t\t\t\t<\/p>\n\t\t\t\t<\/div>\n\t\t\t\t<div class=\"elementor-element elementor-element-c7af21e e-con e-atomic-element e-flexbox-base e-c7af21e-c9c9430\" data-id=\"c7af21e\" data-element_type=\"e-flexbox\" data-e-type=\"e-flexbox\" data-interaction-id=\"c7af21e\">\n\t\t\t\t\t\t\t\n\t\t\t<img class=\"e-image-base e-4aa32c0-9df9944\" \n\t\t\t\t\tdata-interaction-id=\"4aa32c0\" \n\t\t \n\t\t \n\t\t\t\t\t\t\t\t\tid=\"85\"\n\t\t\t\t\t\t\t\t\t\t\t\tsrc=\"https:\/\/artcam-studio.fr\/wp-content\/uploads\/2026\/04\/pexels-fukajaz-32774292-scaled.jpg\"\n\t\t\t\t\t\t\t\t\t\t\t\twidth=\"2560\"\n\t\t\t\t\t\t\t\t\t\t\t\theight=\"1707\"\n\t\t\t\t\t\t\t\t\t\t\t\tsrcset=\"https:\/\/artcam-studio.fr\/wp-content\/uploads\/2026\/04\/pexels-fukajaz-32774292-scaled.jpg 2560w, https:\/\/artcam-studio.fr\/wp-content\/uploads\/2026\/04\/pexels-fukajaz-32774292-300x200.jpg 300w, https:\/\/artcam-studio.fr\/wp-content\/uploads\/2026\/04\/pexels-fukajaz-32774292-1024x683.jpg 1024w, https:\/\/artcam-studio.fr\/wp-content\/uploads\/2026\/04\/pexels-fukajaz-32774292-768x512.jpg 768w, https:\/\/artcam-studio.fr\/wp-content\/uploads\/2026\/04\/pexels-fukajaz-32774292-1536x1024.jpg 1536w, https:\/\/artcam-studio.fr\/wp-content\/uploads\/2026\/04\/pexels-fukajaz-32774292-2048x1365.jpg 2048w\"\n\t\t\t\t\t\t\t\t\t\t\t\talt=\"\"\n\t\t\t\t\t\t\/>\n\t\t\t\t\t\t\t\t\t<p class=\"e-6305b84-c4eb131 e-paragraph-base\" data-interaction-id=\"6305b84\"  >\n\t\t\t\t\t\t\t\tJe transforme vos images en un contenu fluide, dynamique et impactant.\n\t\t\t\t\t<\/p>\n\t\t\t\t<\/div>\n\t\t\t\t<div class=\"elementor-element elementor-element-87b4572 e-con e-atomic-element e-flexbox-base e-87b4572-7073654\" data-id=\"87b4572\" data-element_type=\"e-flexbox\" data-e-type=\"e-flexbox\" data-interaction-id=\"87b4572\">\n\t\t\t\t\t\t\t\n\t\t\t<img class=\"e-image-base e-8319829-0132ff8\" \n\t\t\t\t\tdata-interaction-id=\"8319829\" \n\t\t \n\t\t \n\t\t\t\t\t\t\t\t\tid=\"84\"\n\t\t\t\t\t\t\t\t\t\t\t\tsrc=\"https:\/\/artcam-studio.fr\/wp-content\/uploads\/2026\/04\/pexels-szaboviktor-7662060-scaled.jpg\"\n\t\t\t\t\t\t\t\t\t\t\t\twidth=\"2560\"\n\t\t\t\t\t\t\t\t\t\t\t\theight=\"1707\"\n\t\t\t\t\t\t\t\t\t\t\t\tsrcset=\"https:\/\/artcam-studio.fr\/wp-content\/uploads\/2026\/04\/pexels-szaboviktor-7662060-scaled.jpg 2560w, https:\/\/artcam-studio.fr\/wp-content\/uploads\/2026\/04\/pexels-szaboviktor-7662060-300x200.jpg 300w, https:\/\/artcam-studio.fr\/wp-content\/uploads\/2026\/04\/pexels-szaboviktor-7662060-1024x683.jpg 1024w, https:\/\/artcam-studio.fr\/wp-content\/uploads\/2026\/04\/pexels-szaboviktor-7662060-768x512.jpg 768w, https:\/\/artcam-studio.fr\/wp-content\/uploads\/2026\/04\/pexels-szaboviktor-7662060-1536x1024.jpg 1536w, https:\/\/artcam-studio.fr\/wp-content\/uploads\/2026\/04\/pexels-szaboviktor-7662060-2048x1365.jpg 2048w\"\n\t\t\t\t\t\t\t\t\t\t\t\talt=\"\"\n\t\t\t\t\t\t\/>\n\t\t\t\t\t\t\t\t\t<p class=\"e-9d7cc8c-497e4f1 e-paragraph-base\" data-interaction-id=\"9d7cc8c\"  >\n\t\t\t\t\t\t\t\tJe cr\u00e9e des formats courts, optimis\u00e9s pour capter l\u2019attention et engager votre audience.\n\t\t\t\t\t<\/p>\n\t\t\t\t<\/div>\n\t\t\t\t\t<\/div>\n\t\t\t\t<\/div>\n\t\t\t\t<\/div>\n\t\t\t\t\t<\/div>\n\t\t\t\t<\/div>\n\t\t<div class=\"elementor-element elementor-element-8af02a6 e-flex e-con-boxed e-con e-parent\" data-id=\"8af02a6\" data-element_type=\"container\" data-e-type=\"container\" data-settings=\"{&quot;background_background&quot;:&quot;classic&quot;,&quot;shape_divider_bottom&quot;:&quot;wave-brush&quot;}\">\n\t\t\t\t\t<div class=\"e-con-inner\">\n\t\t\t\t<div class=\"elementor-shape elementor-shape-bottom\" aria-hidden=\"true\" data-negative=\"false\">\n\t\t\t<svg xmlns=\"http:\/\/www.w3.org\/2000\/svg\" viewBox=\"0 0 283.5 27.8\" preserveAspectRatio=\"none\">\n\t<path class=\"elementor-shape-fill\" d=\"M283.5,9.7c0,0-7.3,4.3-14,4.6c-6.8,0.3-12.6,0-20.9-1.5c-11.3-2-33.1-10.1-44.7-5.7\ts-12.1,4.6-18,7.4c-6.6,3.2-20,9.6-36.6,9.3C131.6,23.5,99.5,7.2,86.3,8c-1.4,0.1-6.6,0.8-10.5,2c-3.8,1.2-9.4,3.8-17,4.7\tc-3.2,0.4-8.3,1.1-14.2,0.9c-1.5-0.1-6.3-0.4-12-1.6c-5.7-1.2-11-3.1-15.8-3.7C6.5,9.2,0,10.8,0,10.8V0h283.5V9.7z M260.8,11.3\tc-0.7-1-2-0.4-4.3-0.4c-2.3,0-6.1-1.2-5.8-1.1c0.3,0.1,3.1,1.5,6,1.9C259.7,12.2,261.4,12.3,260.8,11.3z M242.4,8.6\tc0,0-2.4-0.2-5.6-0.9c-3.2-0.8-10.3-2.8-15.1-3.5c-8.2-1.1-15.8,0-15.1,0.1c0.8,0.1,9.6-0.6,17.6,1.1c3.3,0.7,9.3,2.2,12.4,2.7\tC239.9,8.7,242.4,8.6,242.4,8.6z M185.2,8.5c1.7-0.7-13.3,4.7-18.5,6.1c-2.1,0.6-6.2,1.6-10,2c-3.9,0.4-8.9,0.4-8.8,0.5\tc0,0.2,5.8,0.8,11.2,0c5.4-0.8,5.2-1.1,7.6-1.6C170.5,14.7,183.5,9.2,185.2,8.5z M199.1,6.9c0.2,0-0.8-0.4-4.8,1.1\tc-4,1.5-6.7,3.5-6.9,3.7c-0.2,0.1,3.5-1.8,6.6-3C197,7.5,199,6.9,199.1,6.9z M283,6c-0.1,0.1-1.9,1.1-4.8,2.5s-6.9,2.8-6.7,2.7\tc0.2,0,3.5-0.6,7.4-2.5C282.8,6.8,283.1,5.9,283,6z M31.3,11.6c0.1-0.2-1.9-0.2-4.5-1.2s-5.4-1.6-7.8-2C15,7.6,7.3,8.5,7.7,8.6\tC8,8.7,15.9,8.3,20.2,9.3c2.2,0.5,2.4,0.5,5.7,1.6S31.2,11.9,31.3,11.6z M73,9.2c0.4-0.1,3.5-1.6,8.4-2.6c4.9-1.1,8.9-0.5,8.9-0.8\tc0-0.3-1-0.9-6.2-0.3S72.6,9.3,73,9.2z M71.6,6.7C71.8,6.8,75,5.4,77.3,5c2.3-0.3,1.9-0.5,1.9-0.6c0-0.1-1.1-0.2-2.7,0.2\tC74.8,5.1,71.4,6.6,71.6,6.7z M93.6,4.4c0.1,0.2,3.5,0.8,5.6,1.8c2.1,1,1.8,0.6,1.9,0.5c0.1-0.1-0.8-0.8-2.4-1.3\tC97.1,4.8,93.5,4.2,93.6,4.4z M65.4,11.1c-0.1,0.3,0.3,0.5,1.9-0.2s2.6-1.3,2.2-1.2s-0.9,0.4-2.5,0.8C65.3,10.9,65.5,10.8,65.4,11.1\tz M34.5,12.4c-0.2,0,2.1,0.8,3.3,0.9c1.2,0.1,2,0.1,2-0.2c0-0.3-0.1-0.5-1.6-0.4C36.6,12.8,34.7,12.4,34.5,12.4z M152.2,21.1\tc-0.1,0.1-2.4-0.3-7.5-0.3c-5,0-13.6-2.4-17.2-3.5c-3.6-1.1,10,3.9,16.5,4.1C150.5,21.6,152.3,21,152.2,21.1z\"\/>\n\t<path class=\"elementor-shape-fill\" d=\"M269.6,18c-0.1-0.1-4.6,0.3-7.2,0c-7.3-0.7-17-3.2-16.6-2.9c0.4,0.3,13.7,3.1,17,3.3\tC267.7,18.8,269.7,18,269.6,18z\"\/>\n\t<path class=\"elementor-shape-fill\" d=\"M227.4,9.8c-0.2-0.1-4.5-1-9.5-1.2c-5-0.2-12.7,0.6-12.3,0.5c0.3-0.1,5.9-1.8,13.3-1.2\tS227.6,9.9,227.4,9.8z\"\/>\n\t<path class=\"elementor-shape-fill\" d=\"M204.5,13.4c-0.1-0.1,2-1,3.2-1.1c1.2-0.1,2,0,2,0.3c0,0.3-0.1,0.5-1.6,0.4\tC206.4,12.9,204.6,13.5,204.5,13.4z\"\/>\n\t<path class=\"elementor-shape-fill\" d=\"M201,10.6c0-0.1-4.4,1.2-6.3,2.2c-1.9,0.9-6.2,3.1-6.1,3.1c0.1,0.1,4.2-1.6,6.3-2.6\tS201,10.7,201,10.6z\"\/>\n\t<path class=\"elementor-shape-fill\" d=\"M154.5,26.7c-0.1-0.1-4.6,0.3-7.2,0c-7.3-0.7-17-3.2-16.6-2.9c0.4,0.3,13.7,3.1,17,3.3\tC152.6,27.5,154.6,26.8,154.5,26.7z\"\/>\n\t<path class=\"elementor-shape-fill\" d=\"M41.9,19.3c0,0,1.2-0.3,2.9-0.1c1.7,0.2,5.8,0.9,8.2,0.7c4.2-0.4,7.4-2.7,7-2.6\tc-0.4,0-4.3,2.2-8.6,1.9c-1.8-0.1-5.1-0.5-6.7-0.4S41.9,19.3,41.9,19.3z\"\/>\n\t<path class=\"elementor-shape-fill\" d=\"M75.5,12.6c0.2,0.1,2-0.8,4.3-1.1c2.3-0.2,2.1-0.3,2.1-0.5c0-0.1-1.8-0.4-3.4,0\tC76.9,11.5,75.3,12.5,75.5,12.6z\"\/>\n\t<path class=\"elementor-shape-fill\" d=\"M15.6,13.2c0-0.1,4.3,0,6.7,0.5c2.4,0.5,5,1.9,5,2c0,0.1-2.7-0.8-5.1-1.4\tC19.9,13.7,15.7,13.3,15.6,13.2z\"\/>\n<\/svg>\t\t<\/div>\n\t\t<div class=\"elementor-element elementor-element-3bf6117 e-grid e-con-full e-con e-child\" data-id=\"3bf6117\" data-element_type=\"container\" data-e-type=\"container\">\n\t\t\t\t<div class=\"elementor-element elementor-element-cdbf413 e-con e-atomic-element e-flexbox-base e-cdbf413-d81cb6d\" data-id=\"cdbf413\" data-element_type=\"e-flexbox\" data-e-type=\"e-flexbox\" data-interaction-id=\"cdbf413\">\n\t\t\t\t\t\t\t<h2 \n\t\tdata-interaction-id=\"34a3fda\" \n\t\tclass=\"e-34a3fda-9bf12a8 e-heading-base\" \n\t\t \n\t\t\n\t>\n\t\n\t\t\tQui suis-je ?\n\t\t<\/h2>\n\t\t\t\t\t\t\t\t<p class=\"e-paragraph-base\" data-interaction-id=\"fde7ee0\"  >\n\t\t\t\t\t\t\t\tJe suis Nicolas, vid\u00e9aste passionn\u00e9 par l\u2019image et la cr\u00e9ation de contenus visuels impactants.\n\t\t\t\t\t<\/p>\n\t\t\t\t\t\t\t\t<p class=\"e-paragraph-base\" data-interaction-id=\"42fba64\"  >\n\t\t\t\t\t\t\t\tConvaincu que la vid\u00e9o est le meilleur moyen de raconter une histoire et de transmettre un message, j\u2019accompagne mes clients dans la r\u00e9alisation de projets authentiques et cr\u00e9atifs.\n\t\t\t\t\t<\/p>\n\t\t\t\t\t\t\t\t<p class=\"e-paragraph-base\" data-interaction-id=\"273c882\"  >\n\t\t\t\t\t\t\t\tDe la conception au montage, je mets mon savoir-faire technique et artistique au service de vos id\u00e9es pour donner vie \u00e0 vos contenus.\n\t\t\t\t\t<\/p>\n\t\t\t\t\t    \t            <button class=\"e-740239b-ee02514 e-button-base\" data-interaction-id=\"740239b\"  >\n            Me contacter\n        <\/button>\n    \t\t\t\t<\/div>\n\t\t\t\t\t\t\t\n\t\t\t<img class=\"e-image-base \" \n\t\t\t\t\tdata-interaction-id=\"4d0baf7\" \n\t\t \n\t\t \n\t\t\t\t\t\t\t\t\tid=\"29\"\n\t\t\t\t\t\t\t\t\t\t\t\tsrc=\"https:\/\/artcam-studio.fr\/wp-content\/uploads\/2026\/04\/hero.png\"\n\t\t\t\t\t\t\t\t\t\t\t\twidth=\"1119\"\n\t\t\t\t\t\t\t\t\t\t\t\theight=\"691\"\n\t\t\t\t\t\t\t\t\t\t\t\tsrcset=\"https:\/\/artcam-studio.fr\/wp-content\/uploads\/2026\/04\/hero.png 1119w, https:\/\/artcam-studio.fr\/wp-content\/uploads\/2026\/04\/hero-300x185.png 300w, https:\/\/artcam-studio.fr\/wp-content\/uploads\/2026\/04\/hero-1024x632.png 1024w, https:\/\/artcam-studio.fr\/wp-content\/uploads\/2026\/04\/hero-768x474.png 768w\"\n\t\t\t\t\t\t\t\t\t\t\t\talt=\"\"\n\t\t\t\t\t\t\/>\n\t\t\t\t\t<\/div>\n\t\t\t\t\t<\/div>\n\t\t\t\t<\/div>\n\t\t<div class=\"elementor-element elementor-element-55addbd e-flex e-con-boxed e-con e-parent\" data-id=\"55addbd\" data-element_type=\"container\" data-e-type=\"container\">\n\t\t\t\t\t<div class=\"e-con-inner\">\n\t\t\t\t<div class=\"elementor-element elementor-element-53cc870 e-con e-atomic-element e-flexbox-base e-53cc870-cc63329\" data-id=\"53cc870\" data-element_type=\"e-flexbox\" data-e-type=\"e-flexbox\" data-interaction-id=\"53cc870\">\n\t\t\t\t\t\t\t<h2 \n\t\tdata-interaction-id=\"8db3ec5\" \n\t\tclass=\"e-8db3ec5-0c4fc48 e-heading-base\" \n\t\t \n\t\t\n\t>\n\t\n\t\t\tIls me font confiance \n\t\t<\/h2>\n\t\t<div class=\"elementor-element elementor-element-d55ffe8 e-grid e-con-full e-con e-parent\" data-id=\"d55ffe8\" data-element_type=\"container\" data-e-type=\"container\">\n\t\t\t\t<div class=\"elementor-element elementor-element-39994d7 e-con e-atomic-element e-flexbox-base e-39994d7-b413fd4\" data-id=\"39994d7\" data-element_type=\"e-flexbox\" data-e-type=\"e-flexbox\" data-interaction-id=\"39994d7\">\n\t\t\t\t\t\t\t<h2 \n\t\tdata-interaction-id=\"b0045d9\" \n\t\tclass=\"e-heading-base\" \n\t\t \n\t\t\n\t>\n\t\n\t\t\tBatfactory\n\t\t<\/h2>\n\t\t\t\t\t\t\t\t<p class=\"e-paragraph-base\" data-interaction-id=\"efb98aa\"  >\n\t\t\t\t\t\t\t\tNicolas est de ceux qui travaillent pour vous comme s'il travaillait pour lui. Il y mettra toute sa passion, ses connaissances et son expertise afin de vous garantir une qualit\u00e9 de service irr\u00e9prochable que vous ne pourrez que recommander.\n\t\t\t\t\t<\/p>\n\t\t\t\t\t\t\t\t<p class=\"e-paragraph-base\" data-interaction-id=\"dbd983a\"  >\n\t\t\t\t\t\t\t\tIl a su mettre en valeur mes services et mes produits tout en m\u2019apportant des conseils en communication et en marketing.\n\t\t\t\t\t<\/p>\n\t\t\t\t\t\t\t\t<p class=\"e-e523b7e-e813731 e-paragraph-base\" data-interaction-id=\"e523b7e\"  >\n\t\t\t\t\t\t\t\tFoncez !\n\t\t\t\t\t<\/p>\n\t\t\t\t<\/div>\n\t\t\t\t<div class=\"elementor-element elementor-element-11e5de5 e-con e-atomic-element e-flexbox-base e-11e5de5-26bd279\" data-id=\"11e5de5\" data-element_type=\"e-flexbox\" data-e-type=\"e-flexbox\" data-interaction-id=\"11e5de5\">\n\t\t\t\t\t\t\t<h2 \n\t\tdata-interaction-id=\"d809bd3\" \n\t\tclass=\"e-heading-base\" \n\t\t \n\t\t\n\t>\n\t\n\t\t\tJulien.D\n\t\t<\/h2>\n\t\t\t\t\t\t\t\t<p class=\"e-paragraph-base\" data-interaction-id=\"713669c\"  >\n\t\t\t\t\t\t\t\tTravailler avec Nicolas, c\u2019est b\u00e9n\u00e9ficier d\u2019un vrai partenaire qui s\u2019investit pleinement dans votre r\u00e9ussite. Il apporte non seulement son savoir-faire et son professionnalisme, mais aussi des id\u00e9es et des conseils strat\u00e9giques qui font la diff\u00e9rence.\n\t\t\t\t\t<\/p>\n\t\t\t\t\t\t\t\t<p class=\"e-paragraph-base\" data-interaction-id=\"cb60b25\"  >\n\t\t\t\t\t\t\t\tGr\u00e2ce \u00e0 lui, mes services et produits ont gagn\u00e9 en visibilit\u00e9, et j\u2019ai pu profiter de recommandations concr\u00e8tes et pertinentes.\n\t\t\t\t\t<\/p>\n\t\t\t\t<\/div>\n\t\t\t\t<div class=\"elementor-element elementor-element-a83c6d6 e-con e-atomic-element e-flexbox-base e-a83c6d6-a58630e\" data-id=\"a83c6d6\" data-element_type=\"e-flexbox\" data-e-type=\"e-flexbox\" data-interaction-id=\"a83c6d6\">\n\t\t\t\t\t\t\t<h2 \n\t\tdata-interaction-id=\"5f1c921\" \n\t\tclass=\"e-heading-base\" \n\t\t \n\t\t\n\t>\n\t\n\t\t\tBo\n\t\t<\/h2>\n\t\t\t\t\t\t\t\t<p class=\"e-paragraph-base\" data-interaction-id=\"49d6d1a\"  >\n\t\t\t\t\t\t\t\tTravailler avec Nicolas est un vrai plaisir. Il ne se contente pas de faire le job, il le fait avec passion et une \u00e9nergie contagieuse. Ses conseils sont toujours pertinents, et il sait mettre en lumi\u00e8re vos produits et services de mani\u00e8re originale et efficace.\n\t\t\t\t\t<\/p>\n\t\t\t\t\t\t\t\t<p class=\"e-paragraph-base\" data-interaction-id=\"36d6528\"  >\n\t\t\t\t\t\t\t\tJe recommande vivement son expertise \u00e0 tous ceux qui veulent vraiment se d\u00e9marquer.\n\t\t\t\t\t<\/p>\n\t\t\t\t<\/div>\n\t\t\t\t<\/div>\n\t\t\t\t<\/div>\n\t\t\t\t\t<\/div>\n\t\t\t\t<\/div>\n\t\t\t\t<\/div>\n\t\t","protected":false},"excerpt":{"rendered":"<p>Artcam Studio Vid\u00e9aste en ile de France Vid\u00e9aste freelance, j\u2019accompagne professionnels et particuliers dans la cr\u00e9ation de contenus vid\u00e9o soign\u00e9s et impactants : films d\u2019entreprise, interviews, \u00e9v\u00e9nements et formats d\u00e9di\u00e9s aux r\u00e9seaux sociaux. Demander un devis Vid\u00e9aste freelance \u00e0 Paris Vous \u00eates \u00e0 la recherche d\u2019un vid\u00e9aste en \u00cele-de-France, d\u2019un r\u00e9alisateur capable de donner vie [&hellip;]<\/p>\n","protected":false},"author":1,"featured_media":0,"parent":0,"menu_order":0,"comment_status":"closed","ping_status":"closed","template":"","meta":{"footnotes":""},"class_list":["post-14","page","type-page","status-publish","hentry"],"_links":{"self":[{"href":"https:\/\/artcam-studio.fr\/index.php\/wp-json\/wp\/v2\/pages\/14","targetHints":{"allow":["GET"]}}],"collection":[{"href":"https:\/\/artcam-studio.fr\/index.php\/wp-json\/wp\/v2\/pages"}],"about":[{"href":"https:\/\/artcam-studio.fr\/index.php\/wp-json\/wp\/v2\/types\/page"}],"author":[{"embeddable":true,"href":"https:\/\/artcam-studio.fr\/index.php\/wp-json\/wp\/v2\/users\/1"}],"replies":[{"embeddable":true,"href":"https:\/\/artcam-studio.fr\/index.php\/wp-json\/wp\/v2\/comments?post=14"}],"version-history":[{"count":137,"href":"https:\/\/artcam-studio.fr\/index.php\/wp-json\/wp\/v2\/pages\/14\/revisions"}],"predecessor-version":[{"id":294,"href":"https:\/\/artcam-studio.fr\/index.php\/wp-json\/wp\/v2\/pages\/14\/revisions\/294"}],"wp:attachment":[{"href":"https:\/\/artcam-studio.fr\/index.php\/wp-json\/wp\/v2\/media?parent=14"}],"curies":[{"name":"wp","href":"https:\/\/api.w.org\/{rel}","templated":true}]}}